{"id":22,"date":"2023-05-16T19:36:48","date_gmt":"2023-05-16T17:36:48","guid":{"rendered":"https:\/\/pszczolyidrzewa.pl\/?page_id=22"},"modified":"2025-07-27T17:34:07","modified_gmt":"2025-07-27T15:34:07","slug":"projekty-i-wydarzenia","status":"publish","type":"page","link":"http:\/\/pszczolyidrzewa.pl\/en\/projekty-i-wydarzenia\/","title":{"rendered":"Green week in Lublin"},"content":{"rendered":"<p><style>\/*! elementor - v3.13.3 - 28-05-2023 *\/<br \/>\n.elementor-widget-image{text-align:center}.elementor-widget-image a{display:inline-block}.elementor-widget-image a img[src$=\".svg\"]{width:48px}.elementor-widget-image img{vertical-align:middle;display:inline-block}<\/style>\n<\/p>\n<p>\n\n\n<div class=\"wp-block-file\"><a id=\"wp-block-file--media-2512ab93-0adc-4af4-aff1-5e20d7e1aad8\" href=\"https:\/\/pszczolyidrzewa.pl\/wp-content\/uploads\/2025\/02\/2025-abstract-form_-VIGreen-week1-1.docx\">2025 abstract form_-VIGreen week1<\/a><a href=\"https:\/\/pszczolyidrzewa.pl\/wp-content\/uploads\/2025\/02\/2025-abstract-form_-VIGreen-week1-1.docx\" class=\"wp-block-file__button wp-element-button\" download aria-describedby=\"wp-block-file--media-2512ab93-0adc-4af4-aff1-5e20d7e1aad8\">Pobierz<\/a><\/div>\n\n\n\n<div class=\"wp-block-file\"><a id=\"wp-block-file--media-3890e65d-dcd2-4eed-8e46-1b5d28d7be43\" href=\"https:\/\/pszczolyidrzewa.pl\/wp-content\/uploads\/2025\/02\/Registration-form-1.docx\">Registration form<\/a><a href=\"https:\/\/pszczolyidrzewa.pl\/wp-content\/uploads\/2025\/02\/Registration-form-1.docx\" class=\"wp-block-file__button wp-element-button\" download aria-describedby=\"wp-block-file--media-3890e65d-dcd2-4eed-8e46-1b5d28d7be43\">Pobierz<\/a><\/div>\n\n\n\n<figure class=\"wp-block-image size-full is-resized\"><img fetchpriority=\"high\" decoding=\"async\" width=\"678\" height=\"390\" src=\"https:\/\/pszczolyidrzewa.pl\/wp-content\/uploads\/2025\/07\/Logo-Lublin-EN_bez-tla_czarny-2.png\" alt=\"\" class=\"wp-image-625\" style=\"width:997px;height:auto\" srcset=\"https:\/\/pszczolyidrzewa.pl\/wp-content\/uploads\/2025\/07\/Logo-Lublin-EN_bez-tla_czarny-2.png 678w, https:\/\/pszczolyidrzewa.pl\/wp-content\/uploads\/2025\/07\/Logo-Lublin-EN_bez-tla_czarny-2-300x173.png 300w, https:\/\/pszczolyidrzewa.pl\/wp-content\/uploads\/2025\/07\/Logo-Lublin-EN_bez-tla_czarny-2-18x10.png 18w\" sizes=\"(max-width: 678px) 100vw, 678px\" \/><\/figure>\n\n\n<p><img decoding=\"async\" class=\"aligncenter\" src=\"https:\/\/pszczolyidrzewa.pl\/wp-content\/uploads\/2025\/02\/Green-week.jpg\" sizes=\"auto, (max-width: 279px) 100vw, 279px\" srcset=\"https:\/\/pszczolyidrzewa.pl\/wp-content\/uploads\/2025\/02\/Green-week.jpg 279w, https:\/\/pszczolyidrzewa.pl\/wp-content\/uploads\/2025\/02\/Green-week-18x8.jpg 18w\" alt=\"\" width=\"279\" height=\"126\" \/><\/p>\n<h3 style=\"text-align: center;\"><b>\u00a0International conference<\/b><\/h3>\n<h3 style=\"text-align: center;\">\u00a0Green week in Lublin. Air, Earth and Water \u2013 a walk among elements<\/h3>\n<p><b>\u00a0<\/b><\/p>\n<p>Date:<strong> 5-6 June 2025<\/strong><\/p>\n<p>Day 1: Science and technology<\/p>\n<p>Day 2: Natural and other sciences<\/p>\n<p>Place: on-line\/Lublin, Poland<\/p>\n<p><strong>The conference is free of charge for academics. <\/strong><\/p>\n<p><strong>International conference <\/strong>to be held for the sixth time in 2025. On the first day we will discuss: Science and Technology and on the second day: Natural and other sciences.<\/p>\n<p><strong>EU Green week: <\/strong>\u201eThis year, the\u00a0EU Green Week is all about the circular economy.\u00a0<\/p>\n<p>With its potential to drive sustainable competitiveness, reduce waste, and promote innovation, circular economy offers a compelling solution to some of the EU\u2019s most pressing challenges\u201d.\u00a0\u00a0<\/p>\n<p><strong>Plenary lectures:<\/strong><\/p>\n<ul>\n<li>&#8222;New approaches to water management: Rain harvesting and green roof examples&#8221;\n<ul>\n<li>At\u0131lgan At\u0131lgan, Alanya Alaaddin Keykubat University, T\u00fcrkiye<\/li>\n<\/ul>\n<\/li>\n<li>\u201eDeterminants of consumer pro-environmental CE\u2013related behawior\u201d\n<ul>\n<li>Prof. Ania Krakowiak-Bal, University of Agriculture in Krakow, Poland<\/li>\n<\/ul>\n<\/li>\n<li>\u201cCould vitamin D3 inhalations be a panacea for pulmonary fibrosis? Studies in the murine model of hypersensitivity pneumonities\u201d\n<ul>\n<li>Prof. Marta K. Lemieszek, Institute of Rural Health, Lublin, Poland<\/li>\n<\/ul>\n<\/li>\n<li>The Achievement Of Municipal Waste Recycling Targets \u0130n Poland. &#8211; Challenges For The Next 10 Years\n<ul>\n<li>prof. Ing. Mateusz Malinowski, University of Agriculture in Krakow, Poland<\/li>\n<\/ul>\n<\/li>\n<\/ul>\n<p>We invite you to register both as an active participant (<strong>presentation<\/strong>, <strong>poster<\/strong>) and as a listener. During the conference there will be a competition for the best abstract.<\/p>\n<p><strong>Posters<\/strong> will be presented in the form of a looped PowerPoint presentation (3 slides). The scheme will be provided in the next announcement.<\/p>\n<p>We are waiting for submissions <strong>until 10 May 2025.<\/strong> Please prepare your abstract on the attached form and send them by e-mail: GreenWeekinLublin@wp.pl<\/p>\n<p>Authors have the opportunity to publish their work in journals:<\/p>\n<ul>\n<li>Veterinary Medicine \u2013 Science and Practice <a href=\"http:\/\/www.medycynawet.edu.pl\/\">http:\/\/www.medycynawet.edu.pl\/<\/a><\/li>\n<li>European Journal of Medical Technologies <a href=\"http:\/\/www.medical-technologies.eu\/publishing-house,116.html\">http:\/\/www.medical-technologies.eu\/publishing-house,116.html<\/a><\/li>\n<\/ul>\n<p>Articles are accepted for publication after positive peer review. Journals are subject to publication charges. The estimated date of publication is October &#8211; November 2025. If you have any questions, please contact by e-mail: GreenWeekinLublin@wp.pl<\/p>\n<p>Representatives of NGOs, private companies and other organisations wishing to participate in the conference are welcome to contact us.<\/p>\n<p><strong>The event is carried out with the financial support of The City of Lublin, as part of the Academic Lublin Program.<\/strong><\/p>\n<p><strong>Partner Institutions<\/strong><\/p>\n<ul>\n<li>Centro de Investigaci\u00f3n Ap\u00edcola y Agroambiental de Marchamalo (IRIAF) Camino de San Mart\u00edn sn Marchamalo, Spain<\/li>\n<li>Hugon Ko\u0142\u0142\u0105taj University of Agriculture in Krakow, Poland<\/li>\n<li>Institute of Rural Health, Lublin, Poland<\/li>\n<li>Institute of Technology and Life Sciences, Falenty, Poland<\/li>\n<li>Lublin University of Technology, Poland<\/li>\n<li>Lviv National University of Veterinary Medicine and Biotechnology, Lviv, Ukraine<\/li>\n<li>Maria Curie-Sk\u0142odowska University in Lublin, Poland<\/li>\n<li>Medical University of Lublin, Poland<\/li>\n<li>Mendel University in Brno, Czech Republic<\/li>\n<li>Polish Academy of Sciences, Lublin, Poland<\/li>\n<li>Polish Society of Agrophysics, Poland<\/li>\n<li>Quaid-i-Azam University Islamabad, Pakistan<\/li>\n<li>Slovak University of Agriculture in Nitra &#8211; Slovenska posnohospodarska univerzita v Nitre, Slovakia<\/li>\n<li>Technical University in Zvolen, Slovakia<\/li>\n<li>University of Agriculture in Krakow, Poland<\/li>\n<li>University of Life Sciences in Lublin, Poland<\/li>\n<\/ul>\n<p><strong>Scientific Committee:<\/strong><\/p>\n<ul>\n<li>Eng. Bohdan Dobrza\u0144ski, jr., Institute of Technology and Life Sciences, Falenty, Poland<\/li>\n<li>Eng. Pavol Findura, Slovak University of Agriculture in Nitra &#8211; Slovenska posnohospodarska univerzita v Nitre, Slovakia<\/li>\n<li>Eng. Jozef Krilek, Technical University in Zvolen, Slovakia<\/li>\n<li>Eng. S\u0142awomir Kurpaska, University of Agriculture in Krakow, Poland<\/li>\n<li>Med. Sci. Artur Wdowiak, Medical University of Lublin<\/li>\n<li>Jan Jan Turan, University of Novi Sad, Faculty of Agriculture Novi Sad, Serbia<\/li>\n<li>Prof. Marek Gancarz, University of Agriculture in Krakow, Poland; B. Dobrza\u0144ski Institute of Agrophysics, Polish Academy of Sciences, Lublin, Poland<\/li>\n<li>Prof. Eng. Iveta \u010cabalov\u00e1, Technical University in Zvolen, Slovakia<\/li>\n<li>Prof. Grzegorz Grzywaczewski, University of Life Sciences in Lublin, Poland<\/li>\n<li>Prof. Joanna Jakubowicz-Gil, prof. UMCS, Maria Curie-Sk\u0142odowska University in Lublin, Poland<\/li>\n<li>Prof. Eng. Urszula Malaga &#8211; Tobo\u0142a, University of Agriculture in Krakow, Poland<\/li>\n<li>Prof. Eng. Mateusz Malinowski, University of Agriculture in Krakow, Poland<\/li>\n<li>Prof. Aneta Ptaszy\u0144ska, Maria Curie-Sk\u0142odowska University in Lublin, Poland<\/li>\n<li>Prof. Eng. Sylwester Tabor, University of Agriculture in Krakow, Poland<\/li>\n<li>Prof. Marta Lemieszek, Institute of Rural Health, Lublin, Poland<\/li>\n<li>Prof. Muhammad Zafar, Department of Plant Sciences, Quaid-i-Azam University Islamabad, Pakistan<\/li>\n<li>Prof. Iryna Ivanivna Kovalchuk, Lviv National University of Veterinary Medicine and Biotechnology, Lviv, Ukraine<\/li>\n<li>Dr Eng. Pavel Machal, Mendel University in Brno, Czech Republic<\/li>\n<li>Dr Juraj Maga, Slovak University of Agriculture in Nitra &#8211; Slovenska posnohospodarska univerzita v Nitre, Slovakia<\/li>\n<li>Dr Raquel Mart\u00edn Hern\u00e1ndez, Centro de Investigaci\u00f3n Ap\u00edcola y Agroambiental de Marchamalo (IRIAF) Camino de San Mart\u00edn sn Marchamalo, Spain<\/li>\n<li>Dr Anna Rysiak, Maria Curie-Sk\u0142odowska University in Lublin, Poland<\/li>\n<\/ul>\n<p><strong>Organizing Committee:<\/strong><\/p>\n<ul>\n<li>Prof. Marek Gancarz, University of Agriculture in Krakow, Poland; B. Dobrza\u0144ski Institute of Agrophysics, Polish Academy of Sciences, Lublin, Poland<\/li>\n<li>Prof. Aneta Ptaszy\u0144ska, Maria Curie-Sk\u0142odowska University in Lublin, Poland<\/li>\n<li>Prof. Eng. Urszula Malaga &#8211; Tobo\u0142a, University of Agriculture in Krakow, Poland<\/li>\n<li>Prof. Eng. Sylwester Tabor, University of Agriculture in Krakow, Poland<\/li>\n<li>Eng. Pavol Findura, Slovak University of Agriculture in Nitra &#8211; Slovenska posnohospodarska univerzita v Nitre, Slovakia<\/li>\n<li>Dr Eng. Pavel Machal, Mendel University in Brno, Czech Republic<\/li>\n<li>Eng. Katarzyna Gr\u0105decka-Jakubowska, University of Agriculture in Krakow, Poland<\/li>\n<li>Eng. Bartosz Sterniczuk, Lublin University of Technology, Poland<\/li>\n<li>Wojciech Nikiel, Hugon Ko\u0142\u0142\u0105taj University of Agriculture in Krakow, Poland<\/li>\n<li>Pawe\u0142 Sendra, Hugon Ko\u0142\u0142\u0105taj University of Agriculture in Krakow, Poland<\/li>\n<li>MSc Pawe\u0142 \u017bukowski, Maria Curie-Sk\u0142odowska University in Lublin, Poland<\/li>\n<\/ul>\n\n\n<p><\/p>\n\n\n\n<figure class=\"wp-block-image size-full is-resized\"><img decoding=\"async\" width=\"678\" height=\"390\" src=\"https:\/\/pszczolyidrzewa.pl\/wp-content\/uploads\/2025\/07\/Logo-Lublin-EN_bez-tla_czarny-1.png\" alt=\"\" class=\"wp-image-622\" style=\"width:1000px;height:auto\" srcset=\"https:\/\/pszczolyidrzewa.pl\/wp-content\/uploads\/2025\/07\/Logo-Lublin-EN_bez-tla_czarny-1.png 678w, https:\/\/pszczolyidrzewa.pl\/wp-content\/uploads\/2025\/07\/Logo-Lublin-EN_bez-tla_czarny-1-300x173.png 300w, https:\/\/pszczolyidrzewa.pl\/wp-content\/uploads\/2025\/07\/Logo-Lublin-EN_bez-tla_czarny-1-18x10.png 18w\" sizes=\"(max-width: 678px) 100vw, 678px\" \/><\/figure>\n\n\n\n<div class=\"wp-block-file\"><a id=\"wp-block-file--media-ea2b901f-13eb-4daf-a1a3-3a7e118d1b6d\" href=\"https:\/\/pszczolyidrzewa.pl\/wp-content\/uploads\/2025\/02\/Registration-form.docx\">Registration form<\/a><a href=\"https:\/\/pszczolyidrzewa.pl\/wp-content\/uploads\/2025\/02\/Registration-form.docx\" class=\"wp-block-file__button wp-element-button\" download aria-describedby=\"wp-block-file--media-ea2b901f-13eb-4daf-a1a3-3a7e118d1b6d\">Pobierz<\/a><\/div>\n\n\n\n<div class=\"wp-block-file\"><a id=\"wp-block-file--media-7304bc1c-f364-460e-9266-1f7e1b5d1db5\" href=\"https:\/\/pszczolyidrzewa.pl\/wp-content\/uploads\/2025\/02\/2025-abstract-form_-VIGreen-week1.docx\">2025 abstract form_-VIGreen week1<\/a><a href=\"https:\/\/pszczolyidrzewa.pl\/wp-content\/uploads\/2025\/02\/2025-abstract-form_-VIGreen-week1.docx\" class=\"wp-block-file__button wp-element-button\" download aria-describedby=\"wp-block-file--media-7304bc1c-f364-460e-9266-1f7e1b5d1db5\">Pobierz<\/a><\/div>\n\n\n\n<p><\/p>","protected":false},"excerpt":{"rendered":"<p>\u00a0International conference \u00a0Green week in Lublin. Air, Earth and Water \u2013 a walk among elements \u00a0 Date: 5-6 June 2025 Day 1: Science and technology [&hellip;]<\/p>","protected":false},"author":1,"featured_media":593,"parent":0,"menu_order":0,"comment_status":"closed","ping_status":"closed","template":"","meta":{"footnotes":""},"class_list":["post-22","page","type-page","status-publish","has-post-thumbnail","hentry","wpbf-post"],"_links":{"self":[{"href":"http:\/\/pszczolyidrzewa.pl\/en\/wp-json\/wp\/v2\/pages\/22","targetHints":{"allow":["GET"]}}],"collection":[{"href":"http:\/\/pszczolyidrzewa.pl\/en\/wp-json\/wp\/v2\/pages"}],"about":[{"href":"http:\/\/pszczolyidrzewa.pl\/en\/wp-json\/wp\/v2\/types\/page"}],"author":[{"embeddable":true,"href":"http:\/\/pszczolyidrzewa.pl\/en\/wp-json\/wp\/v2\/users\/1"}],"replies":[{"embeddable":true,"href":"http:\/\/pszczolyidrzewa.pl\/en\/wp-json\/wp\/v2\/comments?post=22"}],"version-history":[{"count":0,"href":"http:\/\/pszczolyidrzewa.pl\/en\/wp-json\/wp\/v2\/pages\/22\/revisions"}],"wp:featuredmedia":[{"embeddable":true,"href":"http:\/\/pszczolyidrzewa.pl\/en\/wp-json\/wp\/v2\/media\/593"}],"wp:attachment":[{"href":"http:\/\/pszczolyidrzewa.pl\/en\/wp-json\/wp\/v2\/media?parent=22"}],"curies":[{"name":"wp","href":"https:\/\/api.w.org\/{rel}","templated":true}]}}