{"id":25,"date":"2023-05-16T19:37:14","date_gmt":"2023-05-16T17:37:14","guid":{"rendered":"https:\/\/pszczolyidrzewa.pl\/?page_id=25"},"modified":"2024-08-04T22:28:27","modified_gmt":"2024-08-04T20:28:27","slug":"o-fundacji","status":"publish","type":"page","link":"http:\/\/pszczolyidrzewa.pl\/en\/o-fundacji\/","title":{"rendered":"About Us"},"content":{"rendered":"<div data-elementor-type=\"wp-page\" data-elementor-id=\"25\" class=\"elementor elementor-25\">\n\t\t\t\t\t\t<section class=\"elementor-section elementor-top-section elementor-element elementor-element-926635e elementor-section-boxed elementor-section-height-default elementor-section-height-default\" data-id=\"926635e\" data-element_type=\"section\">\n\t\t\t\t\t\t<div class=\"elementor-container elementor-column-gap-default\">\n\t\t\t\t\t<div class=\"elementor-column elementor-col-100 elementor-top-column elementor-element elementor-element-f4c44e2\" data-id=\"f4c44e2\" data-element_type=\"column\">\n\t\t\t<div class=\"elementor-widget-wrap elementor-element-populated\">\n\t\t\t\t\t\t<div class=\"elementor-element elementor-element-a997859 elementor-widget elementor-widget-heading\" data-id=\"a997859\" data-element_type=\"widget\" data-widget_type=\"heading.default\">\n\t\t\t\t<div class=\"elementor-widget-container\">\n\t\t\t\t\t<h2 class=\"elementor-heading-title elementor-size-default\">About <strong>Bees and Trees Foundation<\/strong><\/h2>\t\t\t\t<\/div>\n\t\t\t\t<\/div>\n\t\t\t\t<div class=\"elementor-element elementor-element-4d19b93 elementor-widget-divider--view-line elementor-widget elementor-widget-divider\" data-id=\"4d19b93\" data-element_type=\"widget\" data-widget_type=\"divider.default\">\n\t\t\t\t<div class=\"elementor-widget-container\">\n\t\t\t\t\t\t\t<div class=\"elementor-divider\">\n\t\t\t<span class=\"elementor-divider-separator\">\n\t\t\t\t\t\t<\/span>\n\t\t<\/div>\n\t\t\t\t\t\t<\/div>\n\t\t\t\t<\/div>\n\t\t\t\t\t<\/div>\n\t\t<\/div>\n\t\t\t\t\t<\/div>\n\t\t<\/section>\n\t\t\t\t<section class=\"elementor-section elementor-top-section elementor-element elementor-element-8ea0f40 elementor-section-boxed elementor-section-height-default elementor-section-height-default\" data-id=\"8ea0f40\" data-element_type=\"section\">\n\t\t\t\t\t\t<div class=\"elementor-container elementor-column-gap-default\">\n\t\t\t\t\t<div class=\"elementor-column elementor-col-100 elementor-top-column elementor-element elementor-element-d16ad5e\" data-id=\"d16ad5e\" data-element_type=\"column\">\n\t\t\t<div class=\"elementor-widget-wrap elementor-element-populated\">\n\t\t\t\t\t\t<div class=\"elementor-element elementor-element-240e1d2 elementor-widget elementor-widget-text-editor\" data-id=\"240e1d2\" data-element_type=\"widget\" data-widget_type=\"text-editor.default\">\n\t\t\t\t<div class=\"elementor-widget-container\">\n\t\t\t\t\t\t\t\t\t<p>The Bees and Trees Foundation was established in 2021. The main purpose of the Foundation is <strong>protection and development of the natural environment, education<\/strong> and <strong>activities aimed at rational use of natural environment resources<\/strong>, counteracting social exclusion, and combining democratic culture and civic engagement with ecology.<\/p>\t\t\t\t\t\t\t\t<\/div>\n\t\t\t\t<\/div>\n\t\t\t\t<div class=\"elementor-element elementor-element-2e8ac64 elementor-widget elementor-widget-spacer\" data-id=\"2e8ac64\" data-element_type=\"widget\" data-widget_type=\"spacer.default\">\n\t\t\t\t<div class=\"elementor-widget-container\">\n\t\t\t\t\t\t\t<div class=\"elementor-spacer\">\n\t\t\t<div class=\"elementor-spacer-inner\"><\/div>\n\t\t<\/div>\n\t\t\t\t\t\t<\/div>\n\t\t\t\t<\/div>\n\t\t\t\t<div class=\"elementor-element elementor-element-04fee8f elementor-widget elementor-widget-text-editor\" data-id=\"04fee8f\" data-element_type=\"widget\" data-widget_type=\"text-editor.default\">\n\t\t\t\t<div class=\"elementor-widget-container\">\n\t\t\t\t\t\t\t\t\t<strong>Specific objectives of the Foundation<\/strong> include: protection of natural heritage, protection of plants and animals and their rights, protection of pollinators, promotion of an environmentally friendly lifestyle, promotion of a healthy lifestyle and appropriate physical activity for different age groups, and environmental education.(Edytowano)Przywr\u00f3\u0107 orygina\u0142\n\t\t\t\t\t\t\t\t<\/div>\n\t\t\t\t<\/div>\n\t\t\t\t\t<\/div>\n\t\t<\/div>\n\t\t\t\t\t<\/div>\n\t\t<\/section>\n\t\t\t\t<section class=\"elementor-section elementor-top-section elementor-element elementor-element-796e6ce elementor-section-boxed elementor-section-height-default elementor-section-height-default\" data-id=\"796e6ce\" data-element_type=\"section\">\n\t\t\t\t\t\t<div class=\"elementor-container elementor-column-gap-default\">\n\t\t\t\t\t<div class=\"elementor-column elementor-col-100 elementor-top-column elementor-element elementor-element-115d431\" data-id=\"115d431\" data-element_type=\"column\">\n\t\t\t<div class=\"elementor-widget-wrap elementor-element-populated\">\n\t\t\t\t\t\t<div class=\"elementor-element elementor-element-67c73c2 elementor-widget-divider--separator-type-pattern elementor-widget-divider--view-line elementor-widget elementor-widget-divider\" data-id=\"67c73c2\" data-element_type=\"widget\" data-widget_type=\"divider.default\">\n\t\t\t\t<div class=\"elementor-widget-container\">\n\t\t\t\t\t\t\t<div class=\"elementor-divider\" style=\"--divider-pattern-url: url(&quot;data:image\/svg+xml,%3Csvg xmlns=&#039;http:\/\/www.w3.org\/2000\/svg&#039; preserveAspectRatio=&#039;none&#039; overflow=&#039;visible&#039; height=&#039;100%&#039; viewBox=&#039;0 0 20 16&#039; fill=&#039;none&#039; stroke=&#039;black&#039; stroke-width=&#039;1&#039; stroke-linecap=&#039;square&#039; stroke-miterlimit=&#039;10&#039;%3E%3Cg transform=&#039;translate(-12.000000, 0)&#039;%3E%3Cpath d=&#039;M28,0L10,18&#039;\/%3E%3Cpath d=&#039;M18,0L0,18&#039;\/%3E%3Cpath d=&#039;M48,0L30,18&#039;\/%3E%3Cpath d=&#039;M38,0L20,18&#039;\/%3E%3C\/g%3E%3C\/svg%3E&quot;);\">\n\t\t\t<span class=\"elementor-divider-separator\">\n\t\t\t\t\t\t<\/span>\n\t\t<\/div>\n\t\t\t\t\t\t<\/div>\n\t\t\t\t<\/div>\n\t\t\t\t\t<\/div>\n\t\t<\/div>\n\t\t\t\t\t<\/div>\n\t\t<\/section>\n\t\t\t\t<section class=\"elementor-section elementor-top-section elementor-element elementor-element-13c7201 elementor-section-boxed elementor-section-height-default elementor-section-height-default\" data-id=\"13c7201\" data-element_type=\"section\">\n\t\t\t\t\t\t<div class=\"elementor-container elementor-column-gap-default\">\n\t\t\t\t\t<div class=\"elementor-column elementor-col-100 elementor-top-column elementor-element elementor-element-dd30d85\" data-id=\"dd30d85\" data-element_type=\"column\">\n\t\t\t<div class=\"elementor-widget-wrap elementor-element-populated\">\n\t\t\t\t\t\t<div class=\"elementor-element elementor-element-12212cf elementor-widget elementor-widget-heading\" data-id=\"12212cf\" data-element_type=\"widget\" data-widget_type=\"heading.default\">\n\t\t\t\t<div class=\"elementor-widget-container\">\n\t\t\t\t\t<h2 class=\"elementor-heading-title elementor-size-default\"><strong>Scientific Council of the Foundation<\/strong><\/h2>\t\t\t\t<\/div>\n\t\t\t\t<\/div>\n\t\t\t\t\t<\/div>\n\t\t<\/div>\n\t\t\t\t\t<\/div>\n\t\t<\/section>\n\t\t\t\t<section class=\"elementor-section elementor-top-section elementor-element elementor-element-c12b306 elementor-section-boxed elementor-section-height-default elementor-section-height-default\" data-id=\"c12b306\" data-element_type=\"section\">\n\t\t\t\t\t\t<div class=\"elementor-container elementor-column-gap-default\">\n\t\t\t\t\t<div class=\"elementor-column elementor-col-100 elementor-top-column elementor-element elementor-element-44f33f2\" data-id=\"44f33f2\" data-element_type=\"column\">\n\t\t\t<div class=\"elementor-widget-wrap elementor-element-populated\">\n\t\t\t\t\t\t<div class=\"elementor-element elementor-element-3508ddc elementor-widget-divider--view-line elementor-widget elementor-widget-divider\" data-id=\"3508ddc\" data-element_type=\"widget\" data-widget_type=\"divider.default\">\n\t\t\t\t<div class=\"elementor-widget-container\">\n\t\t\t\t\t\t\t<div class=\"elementor-divider\">\n\t\t\t<span class=\"elementor-divider-separator\">\n\t\t\t\t\t\t<\/span>\n\t\t<\/div>\n\t\t\t\t\t\t<\/div>\n\t\t\t\t<\/div>\n\t\t\t\t\t<\/div>\n\t\t<\/div>\n\t\t\t\t\t<\/div>\n\t\t<\/section>\n\t\t\t\t<section class=\"elementor-section elementor-top-section elementor-element elementor-element-f303488 elementor-section-boxed elementor-section-height-default elementor-section-height-default\" data-id=\"f303488\" data-element_type=\"section\">\n\t\t\t\t\t\t<div class=\"elementor-container elementor-column-gap-default\">\n\t\t\t\t\t<div class=\"elementor-column elementor-col-100 elementor-top-column elementor-element elementor-element-f11a72a\" data-id=\"f11a72a\" data-element_type=\"column\">\n\t\t\t<div class=\"elementor-widget-wrap elementor-element-populated\">\n\t\t\t\t\t\t<div class=\"elementor-element elementor-element-f94c96f elementor-position-left elementor-vertical-align-middle elementor-widget elementor-widget-image-box\" data-id=\"f94c96f\" data-element_type=\"widget\" data-widget_type=\"image-box.default\">\n\t\t\t\t<div class=\"elementor-widget-container\">\n\t\t\t\t\t<div class=\"elementor-image-box-wrapper\"><figure class=\"elementor-image-box-img\"><img fetchpriority=\"high\" decoding=\"async\" width=\"480\" height=\"712\" src=\"https:\/\/pszczolyidrzewa.pl\/wp-content\/uploads\/2023\/05\/Marek_Gancarz.jpg\" class=\"attachment-full size-full wp-image-369\" alt=\"\" srcset=\"https:\/\/pszczolyidrzewa.pl\/wp-content\/uploads\/2023\/05\/Marek_Gancarz.jpg 480w, https:\/\/pszczolyidrzewa.pl\/wp-content\/uploads\/2023\/05\/Marek_Gancarz-202x300.jpg 202w, https:\/\/pszczolyidrzewa.pl\/wp-content\/uploads\/2023\/05\/Marek_Gancarz-8x12.jpg 8w\" sizes=\"(max-width: 480px) 100vw, 480px\" \/><\/figure><div class=\"elementor-image-box-content\"><h3 class=\"elementor-image-box-title\">prof. student dr hab. Marek Gancarz<\/h3><p class=\"elementor-image-box-description\">Prof. student dr hab. Marek Gancarz is an employee of the Agricultural University of Hugon Ko\u0142\u0142\u0105taj in Krakow and the Institute of Agrophysics of the Polish Academy of Sciences in Lublin. He conducts research related to the use of new techniques and technologies in the assessment of the quality of raw materials and products of agricultural origin and chemometric analysis. The result of his research is the publication of over 40 peer-reviewed research papers with high IF and three patents and one utility model. It cooperates with domestic and foreign research centers. He completed long-term international research internships. He is a recipient of the French Government Scholarship and the INRA Research Center Scholarship in France. He participated in international research projects. He was a member of the organizing committee of the Global Summit on Nutrition &amp; Public Health in Kuala Lumpur, Malaysia, and the International Conference on Food Processing and Technology in Paris, France. He is a member of the World Academy of Science, Engineering and Technology based in Riverside, Connecticut, USA.<\/p><\/div><\/div>\t\t\t\t<\/div>\n\t\t\t\t<\/div>\n\t\t\t\t\t<\/div>\n\t\t<\/div>\n\t\t\t\t\t<\/div>\n\t\t<\/section>\n\t\t\t\t<section class=\"elementor-section elementor-top-section elementor-element elementor-element-f6e0f06 elementor-section-boxed elementor-section-height-default elementor-section-height-default\" data-id=\"f6e0f06\" data-element_type=\"section\">\n\t\t\t\t\t\t<div class=\"elementor-container elementor-column-gap-default\">\n\t\t\t\t\t<div class=\"elementor-column elementor-col-100 elementor-top-column elementor-element elementor-element-53628f1\" data-id=\"53628f1\" data-element_type=\"column\">\n\t\t\t<div class=\"elementor-widget-wrap elementor-element-populated\">\n\t\t\t\t\t\t<div class=\"elementor-element elementor-element-8dcd1e5 elementor-position-left elementor-vertical-align-middle elementor-widget elementor-widget-image-box\" data-id=\"8dcd1e5\" data-element_type=\"widget\" data-widget_type=\"image-box.default\">\n\t\t\t\t<div class=\"elementor-widget-container\">\n\t\t\t\t\t<div class=\"elementor-image-box-wrapper\"><figure class=\"elementor-image-box-img\"><img decoding=\"async\" width=\"520\" height=\"712\" src=\"https:\/\/pszczolyidrzewa.pl\/wp-content\/uploads\/2023\/05\/36021a_3aacd5cc43424ae285639358a794e0f0_mv2-transformed.jpeg\" class=\"attachment-full size-full wp-image-229\" alt=\"\" srcset=\"https:\/\/pszczolyidrzewa.pl\/wp-content\/uploads\/2023\/05\/36021a_3aacd5cc43424ae285639358a794e0f0_mv2-transformed.jpeg 520w, https:\/\/pszczolyidrzewa.pl\/wp-content\/uploads\/2023\/05\/36021a_3aacd5cc43424ae285639358a794e0f0_mv2-transformed-219x300.jpeg 219w, https:\/\/pszczolyidrzewa.pl\/wp-content\/uploads\/2023\/05\/36021a_3aacd5cc43424ae285639358a794e0f0_mv2-transformed-9x12.jpeg 9w\" sizes=\"(max-width: 520px) 100vw, 520px\" \/><\/figure><div class=\"elementor-image-box-content\"><h3 class=\"elementor-image-box-title\">prof. student dr hab. Eng. Urszula Malaga-Tobo\u0142a<\/h3><p class=\"elementor-image-box-description\">Dr. hab. Eng. Urszula Malaga-Tobo\u0142a, prof. URK is an employee of the Faculty of Production Engineering and Energy of the University of Agriculture in Krakow and the Institute of Agriculture of the State University of Applied Sciences in Che\u0142m. In his scientific and didactic activity, he deals with issues focused on the economic and organizational aspects of agricultural technology, with particular emphasis on organic farming, and on planning and organization of production and logistics processes, designing logistics systems, the impact of technique and technology on production efficiency, as well as analysis and evaluation agri-food logistics. The result of scientific and research activity is scientific achievements in the form of over 100 original works published in renowned domestic and foreign publishing houses, editing of 1 foreign monograph, as well as co-authorship of 1 industrial design, 1 utility model and 3 patents. She also completed numerous domestic and foreign didactic and scientific internships. He is a member of the Mechanical Engineering Discipline Council. She completed post-graduate studies in &quot;Research management and commercialization of research results&quot; and is also certified at the international PRINCE2 level. Since 2016, he has been the Vice-Dean for Teaching and Student Affairs at the Faculty of Production Engineering and Energy. He is a member of many Faculty and Rector&#039;s Committees and a member of the Senate of the University of Agriculture in Krakow. It effectively cooperates with production and logistics companies, with private entrepreneurs and secondary schools, as well as with domestic and foreign universities in Lviv, Nitra, Zvolen and Ko\u0161ice. For her work, she was awarded 3 times by the Rector of the UR for outstanding achievements in the didactic and organizational field, 2 times in the scientific field and the Bronze Medal for Long Service. In 2020, she was awarded the Medal of the National Education Commission.<\/p><\/div><\/div>\t\t\t\t<\/div>\n\t\t\t\t<\/div>\n\t\t\t\t\t<\/div>\n\t\t<\/div>\n\t\t\t\t\t<\/div>\n\t\t<\/section>\n\t\t\t\t<section class=\"elementor-section elementor-top-section elementor-element elementor-element-e531ac9 elementor-section-boxed elementor-section-height-default elementor-section-height-default\" data-id=\"e531ac9\" data-element_type=\"section\">\n\t\t\t\t\t\t<div class=\"elementor-container elementor-column-gap-default\">\n\t\t\t\t\t<div class=\"elementor-column elementor-col-100 elementor-top-column elementor-element elementor-element-f50e1ea\" data-id=\"f50e1ea\" data-element_type=\"column\">\n\t\t\t<div class=\"elementor-widget-wrap elementor-element-populated\">\n\t\t\t\t\t\t<div class=\"elementor-element elementor-element-e1b35d9 elementor-widget-divider--separator-type-pattern elementor-widget-divider--view-line elementor-widget elementor-widget-divider\" data-id=\"e1b35d9\" data-element_type=\"widget\" data-widget_type=\"divider.default\">\n\t\t\t\t<div class=\"elementor-widget-container\">\n\t\t\t\t\t\t\t<div class=\"elementor-divider\" style=\"--divider-pattern-url: url(&quot;data:image\/svg+xml,%3Csvg xmlns=&#039;http:\/\/www.w3.org\/2000\/svg&#039; preserveAspectRatio=&#039;none&#039; overflow=&#039;visible&#039; height=&#039;100%&#039; viewBox=&#039;0 0 20 16&#039; fill=&#039;none&#039; stroke=&#039;black&#039; stroke-width=&#039;1&#039; stroke-linecap=&#039;square&#039; stroke-miterlimit=&#039;10&#039;%3E%3Cg transform=&#039;translate(-12.000000, 0)&#039;%3E%3Cpath d=&#039;M28,0L10,18&#039;\/%3E%3Cpath d=&#039;M18,0L0,18&#039;\/%3E%3Cpath d=&#039;M48,0L30,18&#039;\/%3E%3Cpath d=&#039;M38,0L20,18&#039;\/%3E%3C\/g%3E%3C\/svg%3E&quot;);\">\n\t\t\t<span class=\"elementor-divider-separator\">\n\t\t\t\t\t\t<\/span>\n\t\t<\/div>\n\t\t\t\t\t\t<\/div>\n\t\t\t\t<\/div>\n\t\t\t\t\t<\/div>\n\t\t<\/div>\n\t\t\t\t\t<\/div>\n\t\t<\/section>\n\t\t\t\t<section class=\"elementor-section elementor-top-section elementor-element elementor-element-0ba74dd elementor-section-boxed elementor-section-height-default elementor-section-height-default\" data-id=\"0ba74dd\" data-element_type=\"section\">\n\t\t\t\t\t\t<div class=\"elementor-container elementor-column-gap-default\">\n\t\t\t\t\t<div class=\"elementor-column elementor-col-100 elementor-top-column elementor-element elementor-element-c482585\" data-id=\"c482585\" data-element_type=\"column\">\n\t\t\t<div class=\"elementor-widget-wrap elementor-element-populated\">\n\t\t\t\t\t\t<div class=\"elementor-element elementor-element-0753e5e elementor-widget elementor-widget-heading\" data-id=\"0753e5e\" data-element_type=\"widget\" data-widget_type=\"heading.default\">\n\t\t\t\t<div class=\"elementor-widget-container\">\n\t\t\t\t\t<h2 class=\"elementor-heading-title elementor-size-default\"><strong>Foundation Board<\/strong><\/h2>\t\t\t\t<\/div>\n\t\t\t\t<\/div>\n\t\t\t\t\t<\/div>\n\t\t<\/div>\n\t\t\t\t\t<\/div>\n\t\t<\/section>\n\t\t\t\t<section class=\"elementor-section elementor-top-section elementor-element elementor-element-3544f19 elementor-section-boxed elementor-section-height-default elementor-section-height-default\" data-id=\"3544f19\" data-element_type=\"section\">\n\t\t\t\t\t\t<div class=\"elementor-container elementor-column-gap-default\">\n\t\t\t\t\t<div class=\"elementor-column elementor-col-100 elementor-top-column elementor-element elementor-element-ddee59d\" data-id=\"ddee59d\" data-element_type=\"column\">\n\t\t\t<div class=\"elementor-widget-wrap elementor-element-populated\">\n\t\t\t\t\t\t<div class=\"elementor-element elementor-element-8ea9bb3 elementor-widget-divider--view-line elementor-widget elementor-widget-divider\" data-id=\"8ea9bb3\" data-element_type=\"widget\" data-widget_type=\"divider.default\">\n\t\t\t\t<div class=\"elementor-widget-container\">\n\t\t\t\t\t\t\t<div class=\"elementor-divider\">\n\t\t\t<span class=\"elementor-divider-separator\">\n\t\t\t\t\t\t<\/span>\n\t\t<\/div>\n\t\t\t\t\t\t<\/div>\n\t\t\t\t<\/div>\n\t\t\t\t\t<\/div>\n\t\t<\/div>\n\t\t\t\t\t<\/div>\n\t\t<\/section>\n\t\t\t\t<section class=\"elementor-section elementor-top-section elementor-element elementor-element-aa4b981 elementor-section-boxed elementor-section-height-default elementor-section-height-default\" data-id=\"aa4b981\" data-element_type=\"section\">\n\t\t\t\t\t\t<div class=\"elementor-container elementor-column-gap-default\">\n\t\t\t\t\t<div class=\"elementor-column elementor-col-33 elementor-top-column elementor-element elementor-element-8330a2a\" data-id=\"8330a2a\" data-element_type=\"column\">\n\t\t\t<div class=\"elementor-widget-wrap elementor-element-populated\">\n\t\t\t\t\t\t<div class=\"elementor-element elementor-element-88b8e7c elementor-widget elementor-widget-image\" data-id=\"88b8e7c\" data-element_type=\"widget\" data-widget_type=\"image.default\">\n\t\t\t\t<div class=\"elementor-widget-container\">\n\t\t\t\t\t\t\t\t\t\t\t\t\t\t\t<img decoding=\"async\" width=\"480\" height=\"712\" src=\"https:\/\/pszczolyidrzewa.pl\/wp-content\/uploads\/2023\/05\/Aneta_Ptaszynska.jpg\" class=\"attachment-large size-large wp-image-370\" alt=\"\" srcset=\"https:\/\/pszczolyidrzewa.pl\/wp-content\/uploads\/2023\/05\/Aneta_Ptaszynska.jpg 480w, https:\/\/pszczolyidrzewa.pl\/wp-content\/uploads\/2023\/05\/Aneta_Ptaszynska-202x300.jpg 202w, https:\/\/pszczolyidrzewa.pl\/wp-content\/uploads\/2023\/05\/Aneta_Ptaszynska-8x12.jpg 8w\" sizes=\"(max-width: 480px) 100vw, 480px\" \/>\t\t\t\t\t\t\t\t\t\t\t\t\t\t\t<\/div>\n\t\t\t\t<\/div>\n\t\t\t\t<div class=\"elementor-element elementor-element-506fa3a elementor-widget-divider--view-line elementor-widget elementor-widget-divider\" data-id=\"506fa3a\" data-element_type=\"widget\" data-widget_type=\"divider.default\">\n\t\t\t\t<div class=\"elementor-widget-container\">\n\t\t\t\t\t\t\t<div class=\"elementor-divider\">\n\t\t\t<span class=\"elementor-divider-separator\">\n\t\t\t\t\t\t<\/span>\n\t\t<\/div>\n\t\t\t\t\t\t<\/div>\n\t\t\t\t<\/div>\n\t\t\t\t<div class=\"elementor-element elementor-element-52a339a elementor-widget elementor-widget-heading\" data-id=\"52a339a\" data-element_type=\"widget\" data-widget_type=\"heading.default\">\n\t\t\t\t<div class=\"elementor-widget-container\">\n\t\t\t\t\t<h3 class=\"elementor-heading-title elementor-size-default\">Aneta Ptaszy\u0144ska<\/h3>\t\t\t\t<\/div>\n\t\t\t\t<\/div>\n\t\t\t\t<div class=\"elementor-element elementor-element-b9d03a4 elementor-widget elementor-widget-heading\" data-id=\"b9d03a4\" data-element_type=\"widget\" data-widget_type=\"heading.default\">\n\t\t\t\t<div class=\"elementor-widget-container\">\n\t\t\t\t\t<h6 class=\"elementor-heading-title elementor-size-default\">prof. student dr hab.<\/h6>\t\t\t\t<\/div>\n\t\t\t\t<\/div>\n\t\t\t\t\t<\/div>\n\t\t<\/div>\n\t\t\t\t<div class=\"elementor-column elementor-col-33 elementor-top-column elementor-element elementor-element-35f2ff1\" data-id=\"35f2ff1\" data-element_type=\"column\">\n\t\t\t<div class=\"elementor-widget-wrap elementor-element-populated\">\n\t\t\t\t\t\t<div class=\"elementor-element elementor-element-ee2a2d6 elementor-widget elementor-widget-image\" data-id=\"ee2a2d6\" data-element_type=\"widget\" data-widget_type=\"image.default\">\n\t\t\t\t<div class=\"elementor-widget-container\">\n\t\t\t\t\t\t\t\t\t\t\t\t\t\t\t<img loading=\"lazy\" decoding=\"async\" width=\"370\" height=\"370\" src=\"https:\/\/pszczolyidrzewa.pl\/wp-content\/uploads\/2024\/08\/Stanislaw-Stefanczyk1.jpg\" class=\"attachment-large size-large wp-image-523\" alt=\"\" srcset=\"https:\/\/pszczolyidrzewa.pl\/wp-content\/uploads\/2024\/08\/Stanislaw-Stefanczyk1.jpg 370w, https:\/\/pszczolyidrzewa.pl\/wp-content\/uploads\/2024\/08\/Stanislaw-Stefanczyk1-300x300.jpg 300w, https:\/\/pszczolyidrzewa.pl\/wp-content\/uploads\/2024\/08\/Stanislaw-Stefanczyk1-150x150.jpg 150w, https:\/\/pszczolyidrzewa.pl\/wp-content\/uploads\/2024\/08\/Stanislaw-Stefanczyk1-12x12.jpg 12w\" sizes=\"(max-width: 370px) 100vw, 370px\" \/>\t\t\t\t\t\t\t\t\t\t\t\t\t\t\t<\/div>\n\t\t\t\t<\/div>\n\t\t\t\t<div class=\"elementor-element elementor-element-3812997 elementor-widget-divider--view-line elementor-widget elementor-widget-divider\" data-id=\"3812997\" data-element_type=\"widget\" data-widget_type=\"divider.default\">\n\t\t\t\t<div class=\"elementor-widget-container\">\n\t\t\t\t\t\t\t<div class=\"elementor-divider\">\n\t\t\t<span class=\"elementor-divider-separator\">\n\t\t\t\t\t\t<\/span>\n\t\t<\/div>\n\t\t\t\t\t\t<\/div>\n\t\t\t\t<\/div>\n\t\t\t\t<div class=\"elementor-element elementor-element-734b5de elementor-widget elementor-widget-heading\" data-id=\"734b5de\" data-element_type=\"widget\" data-widget_type=\"heading.default\">\n\t\t\t\t<div class=\"elementor-widget-container\">\n\t\t\t\t\t<h3 class=\"elementor-heading-title elementor-size-default\">Stanislaw Stefanczyk<br>\n<br>\n\nZ g\u0142\u0119bokim smutkiem zawiadamiamy, \u017ce Stanis\u0142aw Stefa\u0144czyk zmar\u0142 12 czerwca 2024r.<\/h3>\t\t\t\t<\/div>\n\t\t\t\t<\/div>\n\t\t\t\t\t<\/div>\n\t\t<\/div>\n\t\t\t\t<div class=\"elementor-column elementor-col-33 elementor-top-column elementor-element elementor-element-881ba60\" data-id=\"881ba60\" data-element_type=\"column\">\n\t\t\t<div class=\"elementor-widget-wrap elementor-element-populated\">\n\t\t\t\t\t\t<div class=\"elementor-element elementor-element-7645f9b elementor-widget elementor-widget-image\" data-id=\"7645f9b\" data-element_type=\"widget\" data-widget_type=\"image.default\">\n\t\t\t\t<div class=\"elementor-widget-container\">\n\t\t\t\t\t\t\t\t\t\t\t\t\t\t\t<img loading=\"lazy\" decoding=\"async\" width=\"480\" height=\"712\" src=\"https:\/\/pszczolyidrzewa.pl\/wp-content\/uploads\/2023\/05\/Konrad_Dejko.jpg\" class=\"attachment-large size-large wp-image-372\" alt=\"\" srcset=\"https:\/\/pszczolyidrzewa.pl\/wp-content\/uploads\/2023\/05\/Konrad_Dejko.jpg 480w, https:\/\/pszczolyidrzewa.pl\/wp-content\/uploads\/2023\/05\/Konrad_Dejko-202x300.jpg 202w, https:\/\/pszczolyidrzewa.pl\/wp-content\/uploads\/2023\/05\/Konrad_Dejko-8x12.jpg 8w\" sizes=\"(max-width: 480px) 100vw, 480px\" \/>\t\t\t\t\t\t\t\t\t\t\t\t\t\t\t<\/div>\n\t\t\t\t<\/div>\n\t\t\t\t<div class=\"elementor-element elementor-element-666577e elementor-widget-divider--view-line elementor-widget elementor-widget-divider\" data-id=\"666577e\" data-element_type=\"widget\" data-widget_type=\"divider.default\">\n\t\t\t\t<div class=\"elementor-widget-container\">\n\t\t\t\t\t\t\t<div class=\"elementor-divider\">\n\t\t\t<span class=\"elementor-divider-separator\">\n\t\t\t\t\t\t<\/span>\n\t\t<\/div>\n\t\t\t\t\t\t<\/div>\n\t\t\t\t<\/div>\n\t\t\t\t<div class=\"elementor-element elementor-element-abf8f23 elementor-widget elementor-widget-heading\" data-id=\"abf8f23\" data-element_type=\"widget\" data-widget_type=\"heading.default\">\n\t\t\t\t<div class=\"elementor-widget-container\">\n\t\t\t\t\t<h3 class=\"elementor-heading-title elementor-size-default\">Konrad Dejko<\/h3>\t\t\t\t<\/div>\n\t\t\t\t<\/div>\n\t\t\t\t\t<\/div>\n\t\t<\/div>\n\t\t\t\t\t<\/div>\n\t\t<\/section>\n\t\t\t\t<\/div>","protected":false},"excerpt":{"rendered":"<p>O Fundacji Pszczo\u0142y i Drzewa Fundacja Pszczo\u0142y i Drzewa powsta\u0142a w 2021r. G\u0142\u00f3wnym celem Fundacji jest ochrona i kszta\u0142towanie \u015brodowiska przyrodniczego, edukacja oraz dzia\u0142ania zmierzaj\u0105ce [&hellip;]<\/p>","protected":false},"author":1,"featured_media":0,"parent":0,"menu_order":0,"comment_status":"closed","ping_status":"closed","template":"","meta":{"footnotes":""},"class_list":["post-25","page","type-page","status-publish","hentry","wpbf-post"],"_links":{"self":[{"href":"http:\/\/pszczolyidrzewa.pl\/en\/wp-json\/wp\/v2\/pages\/25","targetHints":{"allow":["GET"]}}],"collection":[{"href":"http:\/\/pszczolyidrzewa.pl\/en\/wp-json\/wp\/v2\/pages"}],"about":[{"href":"http:\/\/pszczolyidrzewa.pl\/en\/wp-json\/wp\/v2\/types\/page"}],"author":[{"embeddable":true,"href":"http:\/\/pszczolyidrzewa.pl\/en\/wp-json\/wp\/v2\/users\/1"}],"replies":[{"embeddable":true,"href":"http:\/\/pszczolyidrzewa.pl\/en\/wp-json\/wp\/v2\/comments?post=25"}],"version-history":[{"count":0,"href":"http:\/\/pszczolyidrzewa.pl\/en\/wp-json\/wp\/v2\/pages\/25\/revisions"}],"wp:attachment":[{"href":"http:\/\/pszczolyidrzewa.pl\/en\/wp-json\/wp\/v2\/media?parent=25"}],"curies":[{"name":"wp","href":"https:\/\/api.w.org\/{rel}","templated":true}]}}